{"id":368,"date":"2017-07-04T17:00:30","date_gmt":"2017-07-04T15:00:30","guid":{"rendered":"http:\/\/www.cvua-rheinland.de\/wordpress\/?page_id=368"},"modified":"2017-11-02T14:38:13","modified_gmt":"2017-11-02T13:38:13","slug":"anfahrt","status":"publish","type":"page","link":"https:\/\/www.cvua-rheinland.de\/wordpress\/anfahrt\/","title":{"rendered":"Anfahrt"},"content":{"rendered":"<h1><strong>Anfahrt mit dem Auto \u00fcber A4:<\/strong><\/h1>\n<p><img loading=\"lazy\" decoding=\"async\" class=\"alignnone size-full wp-image-372\" src=\"https:\/\/www.cvua-rheinland.de\/wordpress\/wp-content\/uploads\/2017\/07\/beschreibung2.png\" alt=\"\" width=\"577\" height=\"383\" srcset=\"https:\/\/www.cvua-rheinland.de\/wordpress\/wp-content\/uploads\/2017\/07\/beschreibung2.png 577w, https:\/\/www.cvua-rheinland.de\/wordpress\/wp-content\/uploads\/2017\/07\/beschreibung2-300x199.png 300w\" sizes=\"auto, (max-width: 577px) 100vw, 577px\" \/><\/p>\n<h2><iframe loading=\"lazy\" style=\"border: 0px currentColor;\" src=\"https:\/\/www.google.com\/maps\/embed?pb=!1m26!1m12!1m3!1d10068.006823529251!2d6.89996244035282!3d50.88667878414935!2m3!1f0!2f0!3f0!3m2!1i1024!2i768!4f13.1!4m11!3e0!4m3!3m2!1d50.8975192!2d6.9112757!4m5!1s0x47bf236a16b34dcf%3A0xb256eab3d0b19140!2sCVUA+Rheinland%2C+Winterstra%C3%9Fe+19%2C+50354+H%C3%BCrth!3m2!1d50.8753324!2d6.9032291!5e0!3m2!1sde!2sde!4v1499175369049\" width=\"600\" height=\"450\" frameborder=\"0\" allowfullscreen=\"allowfullscreen\"><\/iframe><\/h2>\n<p>&nbsp;<\/p>\n<p>&nbsp;<\/p>\n<h1><strong>Anreise mit der Bahn<\/strong><\/h1>\n<h4>Fu\u00dfweg beginnend am Bahnhof H\u00fcrth-Kalscheuren:<\/h4>\n<p><img loading=\"lazy\" decoding=\"async\" class=\"alignnone wp-image-420 size-full\" src=\"https:\/\/www.cvua-rheinland.de\/wordpress\/wp-content\/uploads\/2017\/11\/beschreibung_fussweg.png\" alt=\"\" width=\"422\" height=\"192\" srcset=\"https:\/\/www.cvua-rheinland.de\/wordpress\/wp-content\/uploads\/2017\/11\/beschreibung_fussweg.png 422w, https:\/\/www.cvua-rheinland.de\/wordpress\/wp-content\/uploads\/2017\/11\/beschreibung_fussweg-300x136.png 300w\" sizes=\"auto, (max-width: 422px) 100vw, 422px\" \/><\/p>\n<p><img loading=\"lazy\" decoding=\"async\" class=\"alignnone wp-image-421 size-full\" src=\"https:\/\/www.cvua-rheinland.de\/wordpress\/wp-content\/uploads\/2017\/11\/abkuerzung-e1509629859503.png\" alt=\"\" width=\"1159\" height=\"658\" srcset=\"https:\/\/www.cvua-rheinland.de\/wordpress\/wp-content\/uploads\/2017\/11\/abkuerzung-e1509629859503.png 1159w, https:\/\/www.cvua-rheinland.de\/wordpress\/wp-content\/uploads\/2017\/11\/abkuerzung-e1509629859503-300x170.png 300w, https:\/\/www.cvua-rheinland.de\/wordpress\/wp-content\/uploads\/2017\/11\/abkuerzung-e1509629859503-768x436.png 768w, https:\/\/www.cvua-rheinland.de\/wordpress\/wp-content\/uploads\/2017\/11\/abkuerzung-e1509629859503-1024x581.png 1024w\" sizes=\"auto, (max-width: 1159px) 100vw, 1159px\" \/><\/p>\n<p>&nbsp;<\/p>\n<p>&nbsp;<\/p>\n","protected":false},"excerpt":{"rendered":"<p>Anfahrt mit dem Auto \u00fcber A4: &nbsp; &nbsp; Anreise mit der Bahn Fu\u00dfweg beginnend am Bahnhof H\u00fcrth-Kalscheuren: &nbsp; &nbsp;<\/p>\n","protected":false},"author":1,"featured_media":0,"parent":0,"menu_order":0,"comment_status":"closed","ping_status":"closed","template":"","meta":{"footnotes":""},"class_list":["post-368","page","type-page","status-publish","hentry"],"_links":{"self":[{"href":"https:\/\/www.cvua-rheinland.de\/wordpress\/wp-json\/wp\/v2\/pages\/368","targetHints":{"allow":["GET"]}}],"collection":[{"href":"https:\/\/www.cvua-rheinland.de\/wordpress\/wp-json\/wp\/v2\/pages"}],"about":[{"href":"https:\/\/www.cvua-rheinland.de\/wordpress\/wp-json\/wp\/v2\/types\/page"}],"author":[{"embeddable":true,"href":"https:\/\/www.cvua-rheinland.de\/wordpress\/wp-json\/wp\/v2\/users\/1"}],"replies":[{"embeddable":true,"href":"https:\/\/www.cvua-rheinland.de\/wordpress\/wp-json\/wp\/v2\/comments?post=368"}],"version-history":[{"count":14,"href":"https:\/\/www.cvua-rheinland.de\/wordpress\/wp-json\/wp\/v2\/pages\/368\/revisions"}],"predecessor-version":[{"id":425,"href":"https:\/\/www.cvua-rheinland.de\/wordpress\/wp-json\/wp\/v2\/pages\/368\/revisions\/425"}],"wp:attachment":[{"href":"https:\/\/www.cvua-rheinland.de\/wordpress\/wp-json\/wp\/v2\/media?parent=368"}],"curies":[{"name":"wp","href":"https:\/\/api.w.org\/{rel}","templated":true}]}}