{"id":257,"date":"2017-04-27T16:45:15","date_gmt":"2017-04-27T14:45:15","guid":{"rendered":"http:\/\/www.cvua-rheinland.de\/wordpress\/?page_id=257"},"modified":"2026-03-05T09:22:32","modified_gmt":"2026-03-05T08:22:32","slug":"impressum-kontakt","status":"publish","type":"page","link":"https:\/\/www.cvua-rheinland.de\/wordpress\/impressum-kontakt\/","title":{"rendered":"Impressum \/ Kontakt"},"content":{"rendered":"<h1><strong>Anbieter des Internetangebots<\/strong><\/h1>\n<p><strong>cvua-rheinland.de:<\/strong><\/p>\n<p><u>Chemisches und Veterin\u00e4runtersuchungsamt Rheinland<\/u><br \/>\n<em>&#8211; Anstalt \u00f6ffentlichen Rechts &#8211;<\/em><br \/>\nWinterstra\u00dfe 19, D-50354 H\u00fcrth<br \/>\nTelefon: 02233 \/ 96839-100<br \/>\nFax:\u00a0\u00a0\u00a0\u00a0\u00a0\u00a002233 \/\u00a0 96839-198<br \/>\nEmail: poststelle@cvua-rheinland.de<\/p>\n<p><strong>Verantwortlich f\u00fcr den Inhalt<\/strong><br \/>\nVerantwortlich im Sinne des Presserechts ist der Vorstand des CVUA Rheinland.<\/p>\n<p><strong>Vorstand:<\/strong><br \/>\nHerr Dr. M\u00fcnstedt<\/p>\n<p><strong>Copyright\/Urheberrechte<\/strong><br \/>\nDas Layout der Homepage des CVUA Rheinland, die verwendeten Grafiken und Bilder sowie die einzelnen Beitr\u00e4ge sind urheberrechtlich gesch\u00fctzt. Alle Rechte, auch die der fotografischen Wiedergabe, der Vervielf\u00e4ltigung und der Verbreitung mittels besonderer Verfahren (zum Beispiel Datenverarbeitung, Datentr\u00e4ger und Datennetze), auch teilweise, beh\u00e4lt sich das CVUA Rheinland vor.<\/p>\n<p><strong>Haftungsausschluss\/Rechtliche Hinweise<\/strong><br \/>\nDas CVUA Rheinland ist darum bem\u00fcht auf dieser Website nur vollst\u00e4ndige und richtige Informationen zu ver\u00f6ffentlichen. Eine Haftung oder Garantie f\u00fcr Aktualit\u00e4t, Richtigkeit und Vollst\u00e4ndigkeit der Informationen und Daten besteht ausschlie\u00dflich bei vors\u00e4tzlichem oder grob fahrl\u00e4ssigem pflichtwidrigen Verhalten des Providers. Eine Verantwortung f\u00fcr direkte oder indirekte Sch\u00e4den an Rechtsg\u00fctern von Nutzern, die durch Programmver\u00e4nderung oder -manipulation (insbesondere durch Viren) der Seiten des CVUA Rheinland und der durch Links verbundenen Seiten Dritter entstehen, besteht nicht.<\/p>\n<p>(Access Provider)<br \/>\nF\u00fcr ausgewiesene Querverweise (Links) zu anderen Sites, auf die der Provider keinen Einfluss hat und f\u00fcr deren Inhalt das CVUA Rheinland keine Verantwortung tr\u00e4gt, gilt Folgendes:<br \/>\n1) Das CVUA Rheinland erkl\u00e4rt ausdr\u00fccklich, dass zum Zeitpunkt einer Linksetzung die entsprechenden verlinkten Seiten frei von illegalen Inhalten waren. Der Herausgeber hat keinerlei Einfluss auf die aktuelle und zuk\u00fcnftige Gestaltung und auf die Inhalte der verkn\u00fcpften Seiten. Deshalb distanziert er sich hiermit ausdr\u00fccklich von allen Inhalten aller gelinkten Seiten, die nach der Linksetzung ver\u00e4ndert wurden. Diese Erkl\u00e4rung gilt f\u00fcr alle auf dieser Homepage ausgebrachten Links und f\u00fcr alle Inhalte der Seiten, zu denen Links oder Banner f\u00fchren.<br \/>\n2) Das CVUA Rheinland haftet f\u00fcr fremde Informationen, die es \u00fcbermittelt oder zu denen es den Zugang zur Nutzung vermittelt, nur in den F\u00e4llen, in denen es die \u00dcbermittlung veranlasst, den Adressaten der Informationen selbst ausgew\u00e4hlt oder die \u00fcbermittelten Informationen selbst ausgew\u00e4hlt oder ver\u00e4ndert hat. F\u00fcr Internetseiten Dritter, auf die per Hyperlink verwiesen wird, tragen die jeweiligen Anbieter die Verantwortung.<\/p>\n<p>(Host-Provider)<br \/>\nF\u00fcr Informationen Dritter, die das CVUA Rheinland f\u00fcr einen Nutzer speichert, haftet dieses nur bei ausdr\u00fccklicher Kenntnis von der Rechtswidrigkeit der gespeicherten Handlung oder Information oder bei Kenntnis von Tatsachen oder Umst\u00e4nden, aus denen die rechtswidrige Handlung oder Information offensichtlich wird. Die Haftung entf\u00e4llt ebenfalls, wenn das CVUA Rheinland nach Kenntniserlangung von der rechtswidrigen Information die unverz\u00fcgliche Entfernung oder Zugangssperrung veranlasst.<\/p>\n<p>(Cache-Provider)<br \/>\nF\u00fcr eine zeitlich begrenzte, automatische Zwischenspeicherung, die allein dem beschleunigten Abruf von Informationen Dritter dient, ist das CVUA Rheinland nicht verantwortlich, soweit es die Informationen nicht ver\u00e4ndert, die Bedingungen f\u00fcr den Informationszugang und die weithin anerkannten und verwendeten Industriestandards f\u00fcr die Regeln der Informationsaktualisierung beachtet, die erlaubte Anwendung von Technologien zur Datensammlung \u00fcber die Nutzung von Informationen, die in weithin anerkannten und verwendeten Industriestandards festgelegt sind, nicht beeintr\u00e4chtigt und unverz\u00fcglich handelt, um die gespeicherten Informationen zu entfernen oder den Zugang zu sperren, sobald es Kenntnis von einer Entfernung der Informationen am urspr\u00fcnglichen Ausgangsort der \u00dcbertragung aus dem Netz oder ihrer Zugangssperrung oder der gerichtlichen oder verwaltungsbeh\u00f6rdlichen Anordnung der Entfernung oder Sperrung erhalten hat.<br \/>\nDas CVUA Rheinland ist nicht verpflichtet, die von ihm \u00fcbermittelten oder gespeicherten Informationen zu \u00fcberwachen oder nach Umst\u00e4nden zu forschen, die auf eine rechtswidrige T\u00e4tigkeit hinweisen.<br \/>\nS\u00e4mtliche Informationen oder Daten, deren Nutzung und die Anmeldung zur Website des CVUA Rheinland, sowie s\u00e4mtliches hiermit zusammenh\u00e4ngendes Tun, Dulden oder Unterlassen unterliegen nach dem Herkunftslandprinzip ausschlie\u00dflich deutschem Recht.<\/p>\n<p>Der Nutzung von im Rahmen der Impressumspflicht ver\u00f6ffentlichten Kontaktdaten durch Dritte zur \u00dcbersendung von nicht ausdr\u00fccklich angeforderter Werbung und Informationsmaterialien ist untersagt.\u00a0Das CVUA Rheinland beh\u00e4lt sich ausdr\u00fccklich rechtliche Schritte im Falle der unverlangten Zusendung von Werbeinformationen, etwa durch Spam-Mails, vor.<\/p>\n<p>F\u00fcr die Nutzung der Angebote und Dienste unserer Webseite werden keine personenbezogenen Daten erhoben. Lediglich bei Email-Anfragen (Kontaktaufnahme) erwarten wir eine g\u00fcltige Emailadresse. Die hierbei \u00fcbermittelten Informationen werden ausschlie\u00dflich f\u00fcr die Bearbeitung ihrer Anfrage benutzt und anschlie\u00dfend gel\u00f6scht.<br \/>\nDes Weiteren orientieren wir uns an den Vorgaben des Digitale-Dienste-Gesetz (DDG) =&gt; \u00a0DDG\u201c; Link nach <a href=\"https:\/\/www.gesetze-im-internet.de\/ddg\/BJNR0950B0024.html\">https:\/\/www.gesetze-im-internet.de\/ddg\/BJNR0950B0024.html<\/a><\/p>\n<p><strong>Rechtswirksamkeit des Haftungsausschlusses<\/strong><br \/>\nSofern Teile oder einzelne Formulierungen dieses Textes der geltenden Rechtslage nicht, nicht mehr oder nicht vollst\u00e4ndig entsprechen sollten, bleiben die \u00fcbrigen Teile des Dokumentes in ihrem Inhalt und ihrer G\u00fcltigkeit davon unber\u00fchrt.<\/p>\n","protected":false},"excerpt":{"rendered":"<p>Anbieter des Internetangebots cvua-rheinland.de: Chemisches und Veterin\u00e4runtersuchungsamt Rheinland &#8211; Anstalt \u00f6ffentlichen Rechts &#8211; Winterstra\u00dfe 19, D-50354 H\u00fcrth Telefon: 02233 \/ 96839-100 Fax:\u00a0\u00a0\u00a0\u00a0\u00a0\u00a002233 \/\u00a0 96839-198 Email: poststelle@cvua-rheinland.de Verantwortlich f\u00fcr den Inhalt <a class=\"more-link\" href=\"https:\/\/www.cvua-rheinland.de\/wordpress\/impressum-kontakt\/\"><\/a><\/p>\n","protected":false},"author":1,"featured_media":0,"parent":0,"menu_order":0,"comment_status":"closed","ping_status":"closed","template":"","meta":{"footnotes":""},"class_list":["post-257","page","type-page","status-publish","hentry"],"_links":{"self":[{"href":"https:\/\/www.cvua-rheinland.de\/wordpress\/wp-json\/wp\/v2\/pages\/257","targetHints":{"allow":["GET"]}}],"collection":[{"href":"https:\/\/www.cvua-rheinland.de\/wordpress\/wp-json\/wp\/v2\/pages"}],"about":[{"href":"https:\/\/www.cvua-rheinland.de\/wordpress\/wp-json\/wp\/v2\/types\/page"}],"author":[{"embeddable":true,"href":"https:\/\/www.cvua-rheinland.de\/wordpress\/wp-json\/wp\/v2\/users\/1"}],"replies":[{"embeddable":true,"href":"https:\/\/www.cvua-rheinland.de\/wordpress\/wp-json\/wp\/v2\/comments?post=257"}],"version-history":[{"count":12,"href":"https:\/\/www.cvua-rheinland.de\/wordpress\/wp-json\/wp\/v2\/pages\/257\/revisions"}],"predecessor-version":[{"id":1181,"href":"https:\/\/www.cvua-rheinland.de\/wordpress\/wp-json\/wp\/v2\/pages\/257\/revisions\/1181"}],"wp:attachment":[{"href":"https:\/\/www.cvua-rheinland.de\/wordpress\/wp-json\/wp\/v2\/media?parent=257"}],"curies":[{"name":"wp","href":"https:\/\/api.w.org\/{rel}","templated":true}]}}